{"id":1250,"date":"2024-04-19T15:47:56","date_gmt":"2024-04-19T14:47:56","guid":{"rendered":"https:\/\/www.aklegalart.cz\/sluzby\/vymahani-pohledavek\/"},"modified":"2024-08-02T15:25:14","modified_gmt":"2024-08-02T14:25:14","slug":"enforcement-of-claims","status":"publish","type":"page","link":"https:\/\/www.aklegalart.cz\/en\/services\/enforcement-of-claims\/","title":{"rendered":"Enforcement of claims"},"content":{"rendered":"<p>[et_pb_section fb_built=&#8221;1&#8243; admin_label=&#8221;Section&#8221; _builder_version=&#8221;4.24.3&#8243; _module_preset=&#8221;ec1de8e2-17fe-4a30-90ba-05ec739bf2bf&#8221; background_image=&#8221;https:\/\/www.aklegalart.cz\/wp-content\/uploads\/spoluprace-s-exekutorskym-uradem-v-ostrave-bg.jpg&#8221; da_disable_devices=&#8221;off|off|off&#8221; locked=&#8221;off&#8221; global_colors_info=&#8221;{}&#8221; da_is_popup=&#8221;off&#8221; da_exit_intent=&#8221;off&#8221; da_has_close=&#8221;on&#8221; da_alt_close=&#8221;off&#8221; da_dark_close=&#8221;off&#8221; da_not_modal=&#8221;on&#8221; da_is_singular=&#8221;off&#8221; da_with_loader=&#8221;off&#8221; da_has_shadow=&#8221;on&#8221;][et_pb_row module_class=&#8221;sluzba-hero-section&#8221; _builder_version=&#8221;4.24.0&#8243; _module_preset=&#8221;_initial&#8221; position_origin_a=&#8221;center_center&#8221; global_colors_info=&#8221;{}&#8221;][et_pb_column type=&#8221;4_4&#8243; _builder_version=&#8221;4.24.0&#8243; _module_preset=&#8221;default&#8221; global_colors_info=&#8221;{}&#8221;][et_pb_image src=&#8221;https:\/\/www.aklegalart.cz\/wp-content\/uploads\/icon-pohledavky.svg&#8221; title_text=&#8221;icon-pohledavky&#8221; _builder_version=&#8221;4.25.0&#8243; _module_preset=&#8221;default&#8221; max_height=&#8221;6rem&#8221; filter_invert=&#8221;100%&#8221; global_colors_info=&#8221;{}&#8221;][\/et_pb_image][et_pb_text _builder_version=&#8221;4.27.0&#8243; _module_preset=&#8221;9156d961-6f18-4778-ae1b-2e121c8fd6d6&#8243; global_colors_info=&#8221;{%22gcid-9c0a5de9-52c8-4ddc-a908-c61d21bce329%22:%91%22text_text_color%22%93}&#8221; hover_enabled=&#8221;0&#8243; sticky_enabled=&#8221;0&#8243;]<\/p>\n<p>SERVICES<\/p>\n<h1>Enforcement of claims<\/h1>\n<p>[\/et_pb_text][\/et_pb_column][\/et_pb_row][\/et_pb_section][et_pb_section fb_built=&#8221;1&#8243; admin_label=&#8221;Section&#8221; module_id=&#8221;blog&#8221; _builder_version=&#8221;4.24.0&#8243; _module_preset=&#8221;default&#8221; da_popup_slug=&#8221;blog&#8221; da_disable_devices=&#8221;off|off|off&#8221; locked=&#8221;off&#8221; global_colors_info=&#8221;{}&#8221; da_is_popup=&#8221;off&#8221; da_exit_intent=&#8221;off&#8221; da_has_close=&#8221;on&#8221; da_alt_close=&#8221;off&#8221; da_dark_close=&#8221;off&#8221; da_not_modal=&#8221;on&#8221; da_is_singular=&#8221;off&#8221; da_with_loader=&#8221;off&#8221; da_has_shadow=&#8221;on&#8221;][et_pb_row column_structure=&#8221;1_2,1_2&#8243; _builder_version=&#8221;4.24.0&#8243; _module_preset=&#8221;default&#8221; global_colors_info=&#8221;{}&#8221;][et_pb_column type=&#8221;1_2&#8243; _builder_version=&#8221;4.24.0&#8243; _module_preset=&#8221;default&#8221; global_colors_info=&#8221;{}&#8221;][et_pb_image src=&#8221;@ET-DC@eyJkeW5hbWljIjp0cnVlLCJjb250ZW50IjoicG9zdF9mZWF0dXJlZF9pbWFnZSIsInNldHRpbmdzIjp7fX0=@&#8221; _builder_version=&#8221;4.24.0&#8243; _dynamic_attributes=&#8221;src&#8221; _module_preset=&#8221;default&#8221; box_shadow_style=&#8221;preset4&#8243; box_shadow_color=&#8221;gcid-d8daf693-7282-48a2-9883-25eaa51a3c2f&#8221; global_colors_info=&#8221;{%22gcid-d8daf693-7282-48a2-9883-25eaa51a3c2f%22:%91%22box_shadow_color%22%93}&#8221;][\/et_pb_image][\/et_pb_column][et_pb_column type=&#8221;1_2&#8243; _builder_version=&#8221;4.24.0&#8243; _module_preset=&#8221;default&#8221; global_colors_info=&#8221;{}&#8221;][et_pb_text _builder_version=&#8221;4.27.0&#8243; _module_preset=&#8221;default&#8221; global_colors_info=&#8221;{}&#8221;]<\/p>\n<h2>Cooperation with the Executor&#8217;s Office in Ostrava<\/h2>\n<p>Our law firm aims to provide our clients with comprehensive legal services at the highest level. Thanks to our close cooperation with the Executor&#8217;s Office in Ostrava, headed by Mgr. Petr Porostl\u00fd, based at Stojanovo n\u00e1m\u011bst\u00ed 7\/873, 709 00 Ostrava-Mari\u00e1nsk\u00e9 Hory and our joint professional commitment, we can guarantee our clients a highly effective and individual approach to resolving their claims or executions.<\/p>\n<p>We are committed to providing transparent and effective solutions that comply not only with the legislation, but also with the personal and financial conditions of each of our clients.<\/p>\n<p>We believe that our cooperation with the Executor&#8217;s Office of Mgr. Petr Porostl\u00fd brings our clients the assurance that their matters are in good hands.<\/p>\n<p>[\/et_pb_text][et_pb_button button_url=&#8221;\/en\/contact\/&#8221; button_text=&#8221;Contact us&#8221; _builder_version=&#8221;4.27.0&#8243; _module_preset=&#8221;default&#8221; global_colors_info=&#8221;{}&#8221;][\/et_pb_button][\/et_pb_column][\/et_pb_row][et_pb_row disabled_on=&#8221;on|on|on&#8221; _builder_version=&#8221;4.25.0&#8243; _module_preset=&#8221;default&#8221; custom_padding=&#8221;||0px||false|false&#8221; disabled=&#8221;on&#8221; global_colors_info=&#8221;{}&#8221;][et_pb_column type=&#8221;4_4&#8243; _builder_version=&#8221;4.24.0&#8243; _module_preset=&#8221;default&#8221; global_colors_info=&#8221;{}&#8221;][et_pb_text _builder_version=&#8221;4.24.0&#8243; _module_preset=&#8221;default&#8221; global_colors_info=&#8221;{}&#8221;]<\/p>\n<h2>Nej\u010dast\u011bj\u0161\u00ed ot\u00e1zky<\/h2>\n<p>[\/et_pb_text][\/et_pb_column][\/et_pb_row][et_pb_row column_structure=&#8221;1_2,1_2&#8243; disabled_on=&#8221;on|on|on&#8221; _builder_version=&#8221;4.25.0&#8243; _module_preset=&#8221;default&#8221; disabled=&#8221;on&#8221; global_colors_info=&#8221;{}&#8221;][et_pb_column type=&#8221;1_2&#8243; _builder_version=&#8221;4.24.0&#8243; _module_preset=&#8221;default&#8221; global_colors_info=&#8221;{}&#8221;][et_pb_accordion _builder_version=&#8221;4.24.0&#8243; _module_preset=&#8221;a2dd8da5-fe70-41fc-8fda-e2c2431275f8&#8243; global_colors_info=&#8221;{}&#8221;][et_pb_accordion_item title=&#8221;Co pat\u0159\u00ed do obchodn\u00ed korporace?&#8221; open=&#8221;on&#8221; _builder_version=&#8221;4.24.0&#8243; _module_preset=&#8221;default&#8221; global_colors_info=&#8221;{}&#8221;]<\/p>\n<p>Lorem ipsum dolor sit amet, consectetuer adipiscing elit. In enim a arcu imperdiet malesuada. Praesent vitae arcu tempor neque lacinia pretium. Maecenas fermentum, sem in pharetra pellentesque, velit turpis volutpat ante, in pharetra metus odio a lectus. Nullam justo enim, consectetuer nec, ullamcorper ac, vestibulum in, elit. Suspendisse nisl. Curabitur sagittis hendrerit ante. Pellentesque sapien. Sed ut perspiciatis unde omnis iste natus error sit voluptatem accusantium doloremque laudantium, totam rem aperiam, eaque ipsa quae ab illo inventore veritatis et quasi architecto beatae vitae dicta sunt explicabo. Ut enim ad minima veniam, quis nostrum exercitationem ullam corporis suscipit laboriosam, nisi ut aliquid ex ea commodi consequatur? Nulla est. Integer in sapien. Aliquam ante. Nulla accumsan, elit sit amet varius semper, nulla mauris mollis quam, tempor suscipit diam nulla vel leo. Mauris metus. Nunc tincidunt ante vitae massa. Nullam justo enim, consectetuer nec, ullamcorper ac, vestibulum in, elit. Aliquam erat volutpat.<\/p>\n<p>[\/et_pb_accordion_item][et_pb_accordion_item title=&#8221;\u010c\u00edm se \u0159\u00edd\u00ed pr\u00e1va a povinnosti mezi obchodn\u00ed korporac\u00ed a \u010dlenem jej\u00edho statut\u00e1rn\u00edho org\u00e1nu?&#8221; _builder_version=&#8221;4.24.0&#8243; _module_preset=&#8221;default&#8221; global_colors_info=&#8221;{}&#8221; open=&#8221;off&#8221;]<\/p>\n<p>Lorem ipsum dolor sit amet, consectetuer adipiscing elit. In enim a arcu imperdiet malesuada. Praesent vitae arcu tempor neque lacinia pretium. Maecenas fermentum, sem in pharetra pellentesque, velit turpis volutpat ante, in pharetra metus odio a lectus. Nullam justo enim, consectetuer nec, ullamcorper ac, vestibulum in, elit. Suspendisse nisl. Curabitur sagittis hendrerit ante. Pellentesque sapien. Sed ut perspiciatis unde omnis iste natus error sit voluptatem accusantium doloremque laudantium, totam rem aperiam, eaque ipsa quae ab illo inventore veritatis et quasi architecto beatae vitae dicta sunt explicabo.<\/p>\n<p>[\/et_pb_accordion_item][et_pb_accordion_item title=&#8221;Co upravuje z\u00e1kon o obchodn\u00edch korporac\u00edch?&#8221; _builder_version=&#8221;4.24.0&#8243; _module_preset=&#8221;default&#8221; global_colors_info=&#8221;{}&#8221; open=&#8221;off&#8221;]<\/p>\n<p>Lorem ipsum dolor sit amet, consectetuer adipiscing elit. In enim a arcu imperdiet malesuada. Praesent vitae arcu tempor neque lacinia pretium. Maecenas fermentum, sem in pharetra pellentesque, velit turpis volutpat ante, in pharetra metus odio a lectus. Nullam justo enim, consectetuer nec, ullamcorper ac, vestibulum in, elit. Suspendisse nisl. Curabitur sagittis hendrerit ante. Pellentesque sapien. Sed ut perspiciatis unde omnis iste natus error sit voluptatem accusantium doloremque laudantium, totam rem aperiam, eaque ipsa quae ab illo inventore veritatis et quasi architecto beatae vitae dicta sunt explicabo.<\/p>\n<p>[\/et_pb_accordion_item][et_pb_accordion_item title=&#8221;Jak se d\u011bl\u00ed korporace?&#8221; _builder_version=&#8221;4.24.0&#8243; _module_preset=&#8221;default&#8221; global_colors_info=&#8221;{}&#8221; open=&#8221;off&#8221;]<\/p>\n<p>Lorem ipsum dolor sit amet, consectetuer adipiscing elit. In enim a arcu imperdiet malesuada. Praesent vitae arcu tempor neque lacinia pretium. Maecenas fermentum, sem in pharetra pellentesque, velit turpis volutpat ante, in pharetra metus odio a lectus. Nullam justo enim, consectetuer nec, ullamcorper ac, vestibulum in, elit. Suspendisse nisl. Curabitur sagittis hendrerit ante. Pellentesque sapien. Sed ut perspiciatis unde omnis iste natus error sit voluptatem accusantium doloremque laudantium, totam rem aperiam, eaque ipsa quae ab illo inventore veritatis et quasi architecto beatae vitae dicta sunt explicabo.<\/p>\n<p>[\/et_pb_accordion_item][\/et_pb_accordion][\/et_pb_column][et_pb_column type=&#8221;1_2&#8243; _builder_version=&#8221;4.24.0&#8243; _module_preset=&#8221;default&#8221; global_colors_info=&#8221;{}&#8221;][et_pb_accordion _builder_version=&#8221;4.24.0&#8243; _module_preset=&#8221;a2dd8da5-fe70-41fc-8fda-e2c2431275f8&#8243; global_colors_info=&#8221;{}&#8221;][et_pb_accordion_item title=&#8221;Co pat\u0159\u00ed do obchodn\u00ed korporace?&#8221; open=&#8221;on&#8221; _builder_version=&#8221;4.24.0&#8243; _module_preset=&#8221;default&#8221; global_colors_info=&#8221;{}&#8221;]<\/p>\n<p>Lorem ipsum dolor sit amet, consectetuer adipiscing elit. In enim a arcu imperdiet malesuada. Praesent vitae arcu tempor neque lacinia pretium. Maecenas fermentum, sem in pharetra pellentesque, velit turpis volutpat ante, in pharetra metus odio a lectus. Nullam justo enim, consectetuer nec, ullamcorper ac, vestibulum in, elit. Suspendisse nisl. Curabitur sagittis hendrerit ante. Pellentesque sapien. Sed ut perspiciatis unde omnis iste natus error sit voluptatem accusantium doloremque laudantium, totam rem aperiam, eaque ipsa quae ab illo inventore veritatis et quasi architecto beatae vitae dicta sunt explicabo. Ut enim ad minima veniam, quis nostrum exercitationem ullam corporis suscipit laboriosam, nisi ut aliquid ex ea commodi consequatur? Nulla est. Integer in sapien. Aliquam ante. Nulla accumsan, elit sit amet varius semper, nulla mauris mollis quam, tempor suscipit diam nulla vel leo. Mauris metus. Nunc tincidunt ante vitae massa. Nullam justo enim, consectetuer nec, ullamcorper ac, vestibulum in, elit. Aliquam erat volutpat.<\/p>\n<p>[\/et_pb_accordion_item][et_pb_accordion_item title=&#8221;\u010c\u00edm se \u0159\u00edd\u00ed pr\u00e1va a povinnosti mezi obchodn\u00ed korporac\u00ed a \u010dlenem jej\u00edho statut\u00e1rn\u00edho org\u00e1nu?&#8221; _builder_version=&#8221;4.24.0&#8243; _module_preset=&#8221;default&#8221; global_colors_info=&#8221;{}&#8221; open=&#8221;off&#8221;]<\/p>\n<p>Lorem ipsum dolor sit amet, consectetuer adipiscing elit. In enim a arcu imperdiet malesuada. Praesent vitae arcu tempor neque lacinia pretium. Maecenas fermentum, sem in pharetra pellentesque, velit turpis volutpat ante, in pharetra metus odio a lectus. Nullam justo enim, consectetuer nec, ullamcorper ac, vestibulum in, elit. Suspendisse nisl. Curabitur sagittis hendrerit ante. Pellentesque sapien. Sed ut perspiciatis unde omnis iste natus error sit voluptatem accusantium doloremque laudantium, totam rem aperiam, eaque ipsa quae ab illo inventore veritatis et quasi architecto beatae vitae dicta sunt explicabo.<\/p>\n<p>[\/et_pb_accordion_item][et_pb_accordion_item title=&#8221;Co upravuje z\u00e1kon o obchodn\u00edch korporac\u00edch?&#8221; _builder_version=&#8221;4.24.0&#8243; _module_preset=&#8221;default&#8221; global_colors_info=&#8221;{}&#8221; open=&#8221;off&#8221;]<\/p>\n<p>Lorem ipsum dolor sit amet, consectetuer adipiscing elit. In enim a arcu imperdiet malesuada. Praesent vitae arcu tempor neque lacinia pretium. Maecenas fermentum, sem in pharetra pellentesque, velit turpis volutpat ante, in pharetra metus odio a lectus. Nullam justo enim, consectetuer nec, ullamcorper ac, vestibulum in, elit. Suspendisse nisl. Curabitur sagittis hendrerit ante. Pellentesque sapien. Sed ut perspiciatis unde omnis iste natus error sit voluptatem accusantium doloremque laudantium, totam rem aperiam, eaque ipsa quae ab illo inventore veritatis et quasi architecto beatae vitae dicta sunt explicabo.<\/p>\n<p>[\/et_pb_accordion_item][et_pb_accordion_item title=&#8221;Jak se d\u011bl\u00ed korporace?&#8221; _builder_version=&#8221;4.24.0&#8243; _module_preset=&#8221;default&#8221; global_colors_info=&#8221;{}&#8221; open=&#8221;off&#8221;]<\/p>\n<p>Lorem ipsum dolor sit amet, consectetuer adipiscing elit. In enim a arcu imperdiet malesuada. Praesent vitae arcu tempor neque lacinia pretium. Maecenas fermentum, sem in pharetra pellentesque, velit turpis volutpat ante, in pharetra metus odio a lectus. Nullam justo enim, consectetuer nec, ullamcorper ac, vestibulum in, elit. Suspendisse nisl. Curabitur sagittis hendrerit ante. Pellentesque sapien. Sed ut perspiciatis unde omnis iste natus error sit voluptatem accusantium doloremque laudantium, totam rem aperiam, eaque ipsa quae ab illo inventore veritatis et quasi architecto beatae vitae dicta sunt explicabo.<\/p>\n<p>[\/et_pb_accordion_item][\/et_pb_accordion][\/et_pb_column][\/et_pb_row][\/et_pb_section][et_pb_section fb_built=&#8221;1&#8243; _builder_version=&#8221;4.24.0&#8243; _module_preset=&#8221;default&#8221; background_color=&#8221;gcid-54ce380d-9f73-424a-9c5a-9bf6ee067a58&#8243; da_disable_devices=&#8221;off|off|off&#8221; global_colors_info=&#8221;{%22gcid-54ce380d-9f73-424a-9c5a-9bf6ee067a58%22:%91%22background_color%22%93}&#8221; da_is_popup=&#8221;off&#8221; da_exit_intent=&#8221;off&#8221; da_has_close=&#8221;on&#8221; da_alt_close=&#8221;off&#8221; da_dark_close=&#8221;off&#8221; da_not_modal=&#8221;on&#8221; da_is_singular=&#8221;off&#8221; da_with_loader=&#8221;off&#8221; da_has_shadow=&#8221;on&#8221;][et_pb_row column_structure=&#8221;1_4,1_4,1_4,1_4&#8243; use_custom_gutter=&#8221;on&#8221; gutter_width=&#8221;2&#8243; make_equal=&#8221;on&#8221; custom_padding_last_edited=&#8221;on|desktop&#8221; admin_label=&#8221;\u0158\u00e1dek Rychl\u00fd kontakt&#8221; module_id=&#8221;hp-kontakt-row&#8221; _builder_version=&#8221;4.25.0&#8243; _module_preset=&#8221;default&#8221; background_color=&#8221;gcid-ac524cf3-484a-492a-9744-c76e4cdcc3b5&#8243; background_enable_pattern_style=&#8221;on&#8221; background_pattern_style=&#8221;diagonal-stripes-2&#8243; background_enable_mask_style=&#8221;on&#8221; background_mask_style=&#8221;chevrons&#8221; background_mask_color=&#8221;rgba(28,15,15,0.35)&#8221; background_mask_transform=&#8221;invert&#8221; width=&#8221;100%&#8221; custom_padding=&#8221;4rem|4rem|4rem|4rem|true|true&#8221; custom_padding_tablet=&#8221;4rem|2rem|4rem|2rem|true|true&#8221; custom_padding_phone=&#8221;|2rem||2rem|true|true&#8221; scroll_fade_enable=&#8221;on&#8221; scroll_fade=&#8221;0|20|80|100|80%|100|80%&#8221; scroll_scaling_enable=&#8221;on&#8221; scroll_scaling=&#8221;0|20|80|100|90%|100|90%&#8221; scroll_fade_tablet=&#8221;0|10|90|100|80%|100|80%&#8221; scroll_fade_phone=&#8221;0|5|95|100|80%|100|80%&#8221; scroll_fade_last_edited=&#8221;on|phone&#8221; global_module=&#8221;1262&#8243; saved_tabs=&#8221;all&#8221; global_colors_info=&#8221;{%22gcid-ac524cf3-484a-492a-9744-c76e4cdcc3b5%22:%91%22background_color%22%93}&#8221;][et_pb_column type=&#8221;1_4&#8243; _builder_version=&#8221;4.24.0&#8243; _module_preset=&#8221;default&#8221; global_colors_info=&#8221;{}&#8221;][et_pb_text _builder_version=&#8221;4.27.0&#8243; _module_preset=&#8221;059bf006-7aa2-472d-999d-0411858bcf5c&#8221; background_layout=&#8221;dark&#8221; custom_css_after=&#8221;display: none;&#8221; global_colors_info=&#8221;{}&#8221;]<\/p>\n<p>QUICK CONTACT<\/p>\n<h2>Do you need advice? Contact us.<\/h2>\n<p>[\/et_pb_text][\/et_pb_column][et_pb_column type=&#8221;1_4&#8243; _builder_version=&#8221;4.24.0&#8243; _module_preset=&#8221;default&#8221; global_colors_info=&#8221;{}&#8221;][et_pb_blurb title=&#8221;By a phone&#8221; use_icon=&#8221;on&#8221; font_icon=&#8221;&#xe00b;||divi||400&#8243; admin_label=&#8221;Telefonicky&#8221; _builder_version=&#8221;4.27.0&#8243; _module_preset=&#8221;69871151-8df9-4897-9128-90b4207868c8&#8243; link_option_url=&#8221;tel:+420603463604&#8243; global_colors_info=&#8221;{%22gcid-8ea486af-be64-4498-955e-49840d185598%22:%91%22icon_color%22,%22icon_color%22,%22icon_color%22,%22icon_color%22,%22icon_color%22,%22icon_color%22%93,%22gcid-ba12905d-f86b-4885-851b-8587a15291c1%22:%91%22icon_color%22%93,%22gcid-e252e44c-b852-4c1f-9bf9-928f45602050%22:%91%22background_color%22%93}&#8221;]<\/p>\n<p><a href=\"tel:+420774550957\">+420 774 550 957<\/a><\/p>\n<p><a href=\"tel:+420603463604\">+420 603 463 604<\/a><\/p>\n<p>[\/et_pb_blurb][\/et_pb_column][et_pb_column type=&#8221;1_4&#8243; _builder_version=&#8221;4.24.0&#8243; _module_preset=&#8221;default&#8221; global_colors_info=&#8221;{}&#8221;][et_pb_blurb title=&#8221;By E-mail&#8221; use_icon=&#8221;on&#8221; font_icon=&#8221;&#xe010;||divi||400&#8243; admin_label=&#8221;E-mailem&#8221; _builder_version=&#8221;4.27.0&#8243; _module_preset=&#8221;69871151-8df9-4897-9128-90b4207868c8&#8243; link_option_url=&#8221;mailto:kancelar@aklegalart.cz&#8221; global_colors_info=&#8221;{%22gcid-e252e44c-b852-4c1f-9bf9-928f45602050%22:%91%22background_color%22,%22background_color%22,%22background_color%22,%22background_color%22,%22background_color%22,%22background_color%22,%22background_color%22,%22background_color%22,%22background_color%22,%22background_color%22,%22background_color%22,%22background_color%22,%22background_color%22,%22background_color%22%93,%22gcid-9c0a5de9-52c8-4ddc-a908-c61d21bce329%22:%91%22background_color%22,%22background_color%22,%22background_color%22,%22background_color%22%93,%22gcid-8ea486af-be64-4498-955e-49840d185598%22:%91%22icon_color%22%93}&#8221;]<\/p>\n<p><a href=\"mailto:darja.pavlorkova@aklegalart.cz\">darja.pavlorkova@aklegalart.cz<\/a><\/p>\n<p><a href=\"mailto:martin.voldrich@aklegalart.cz\">martin.voldrich@aklegalart.cz<\/a><\/p>\n<p>[\/et_pb_blurb][\/et_pb_column][et_pb_column type=&#8221;1_4&#8243; _builder_version=&#8221;4.24.0&#8243; _module_preset=&#8221;default&#8221; global_colors_info=&#8221;{}&#8221;][et_pb_blurb title=&#8221;In person&#8221; use_icon=&#8221;on&#8221; font_icon=&#8221;&#xf007;||fa||400&#8243; admin_label=&#8221;Osobn\u011b&#8221; _builder_version=&#8221;4.27.0&#8243; _dynamic_attributes=&#8221;link_option_url&#8221; _module_preset=&#8221;69871151-8df9-4897-9128-90b4207868c8&#8243; animation_delay=&#8221;1000ms&#8221; link_option_url=&#8221;@ET-DC@eyJkeW5hbWljIjp0cnVlLCJjb250ZW50IjoicG9zdF9saW5rX3VybF9wYWdlIiwic2V0dGluZ3MiOnsicG9zdF9pZCI6IjMwIn19@&#8221; global_colors_info=&#8221;{%22gcid-e252e44c-b852-4c1f-9bf9-928f45602050%22:%91%22background_color%22,%22background_color%22,%22background_color%22,%22background_color%22,%22background_color%22,%22background_color%22,%22background_color%22,%22background_color%22,%22background_color%22,%22background_color%22,%22background_color%22,%22background_color%22,%22background_color%22,%22background_color%22%93,%22gcid-9c0a5de9-52c8-4ddc-a908-c61d21bce329%22:%91%22body_text_color%22,%22background_color%22,%22body_text_color%22,%22background_color%22,%22body_text_color%22,%22background_color%22,%22body_text_color%22,%22background_color%22%93,%22gcid-8ea486af-be64-4498-955e-49840d185598%22:%91%22icon_color%22%93}&#8221;]<\/p>\n<p><a href=\"\/en\/contact\/\">Make an appointment<\/a><\/p>\n<p>[\/et_pb_blurb][\/et_pb_column][\/et_pb_row][\/et_pb_section]<\/p>\n","protected":false},"excerpt":{"rendered":"<p>SERVICES Enforcement of claimsCooperation with the Executor&#8217;s Office in Ostrava Our law firm aims to provide our clients with comprehensive legal services at the highest level. Thanks to our close cooperation with the Executor&#8217;s Office in Ostrava, headed by Mgr. Petr Porostl\u00fd, based at Stojanovo n\u00e1m\u011bst\u00ed 7\/873, 709 00 Ostrava-Mari\u00e1nsk\u00e9 Hory and our joint professional [&hellip;]<\/p>\n","protected":false},"author":3,"featured_media":1134,"parent":1249,"menu_order":0,"comment_status":"closed","ping_status":"closed","template":"","meta":{"_acf_changed":false,"_et_pb_use_builder":"on","_et_pb_old_content":"","_et_gb_content_width":"","footnotes":""},"class_list":["post-1250","page","type-page","status-publish","has-post-thumbnail","hentry"],"acf":[],"_links":{"self":[{"href":"https:\/\/www.aklegalart.cz\/en\/wp-json\/wp\/v2\/pages\/1250","targetHints":{"allow":["GET"]}}],"collection":[{"href":"https:\/\/www.aklegalart.cz\/en\/wp-json\/wp\/v2\/pages"}],"about":[{"href":"https:\/\/www.aklegalart.cz\/en\/wp-json\/wp\/v2\/types\/page"}],"author":[{"embeddable":true,"href":"https:\/\/www.aklegalart.cz\/en\/wp-json\/wp\/v2\/users\/3"}],"replies":[{"embeddable":true,"href":"https:\/\/www.aklegalart.cz\/en\/wp-json\/wp\/v2\/comments?post=1250"}],"version-history":[{"count":3,"href":"https:\/\/www.aklegalart.cz\/en\/wp-json\/wp\/v2\/pages\/1250\/revisions"}],"predecessor-version":[{"id":1296,"href":"https:\/\/www.aklegalart.cz\/en\/wp-json\/wp\/v2\/pages\/1250\/revisions\/1296"}],"up":[{"embeddable":true,"href":"https:\/\/www.aklegalart.cz\/en\/wp-json\/wp\/v2\/pages\/1249"}],"wp:featuredmedia":[{"embeddable":true,"href":"https:\/\/www.aklegalart.cz\/en\/wp-json\/wp\/v2\/media\/1134"}],"wp:attachment":[{"href":"https:\/\/www.aklegalart.cz\/en\/wp-json\/wp\/v2\/media?parent=1250"}],"curies":[{"name":"wp","href":"https:\/\/api.w.org\/{rel}","templated":true}]}}