{"id":1249,"date":"2021-02-21T21:20:11","date_gmt":"2021-02-21T20:20:11","guid":{"rendered":"https:\/\/www.aklegalart.cz\/sluzby\/"},"modified":"2024-08-03T14:17:53","modified_gmt":"2024-08-03T13:17:53","slug":"services","status":"publish","type":"page","link":"https:\/\/www.aklegalart.cz\/en\/services\/","title":{"rendered":"Services"},"content":{"rendered":"<p>[et_pb_section fb_built=&#8221;1&#8243; admin_label=&#8221;Section&#8221; _builder_version=&#8221;4.24.0&#8243; _dynamic_attributes=&#8221;background_image&#8221; _module_preset=&#8221;ec1de8e2-17fe-4a30-90ba-05ec739bf2bf&#8221; da_disable_devices=&#8221;off|off|off&#8221; locked=&#8221;off&#8221; global_colors_info=&#8221;{}&#8221; da_is_popup=&#8221;off&#8221; da_exit_intent=&#8221;off&#8221; da_has_close=&#8221;on&#8221; da_alt_close=&#8221;off&#8221; da_dark_close=&#8221;off&#8221; da_not_modal=&#8221;on&#8221; da_is_singular=&#8221;off&#8221; da_with_loader=&#8221;off&#8221; da_has_shadow=&#8221;on&#8221;][et_pb_row _builder_version=&#8221;4.24.0&#8243; _module_preset=&#8221;default&#8221; position_origin_a=&#8221;center_center&#8221; global_colors_info=&#8221;{}&#8221;][et_pb_column type=&#8221;4_4&#8243; _builder_version=&#8221;4.23.4&#8243; _module_preset=&#8221;default&#8221; global_colors_info=&#8221;{}&#8221;][et_pb_text _builder_version=&#8221;4.24.0&#8243; _module_preset=&#8221;9156d961-6f18-4778-ae1b-2e121c8fd6d6&#8243; global_colors_info=&#8221;{%22gcid-8ea486af-be64-4498-955e-49840d185598%22:%91%22header_5_text_color%22%93}&#8221;]<\/p>\n<h5>WHAT WE UNDERSTAND THE BEST<\/h5>\n<h1>Services<\/h1>\n<p>[\/et_pb_text][\/et_pb_column][\/et_pb_row][\/et_pb_section][et_pb_section fb_built=&#8221;1&#8243; admin_label=&#8221;Slu\u017eby &#8211; #services&#8221; module_id=&#8221;services&#8221; _builder_version=&#8221;4.27.0&#8243; _module_preset=&#8221;_initial&#8221; background_color=&#8221;#FFFFFF&#8221; da_popup_slug=&#8221;sluzby&#8221; da_disable_devices=&#8221;off|off|off&#8221; locked=&#8221;off&#8221; global_colors_info=&#8221;{}&#8221; da_is_popup=&#8221;off&#8221; da_exit_intent=&#8221;off&#8221; da_has_close=&#8221;on&#8221; da_alt_close=&#8221;off&#8221; da_dark_close=&#8221;off&#8221; da_not_modal=&#8221;on&#8221; da_is_singular=&#8221;off&#8221; da_with_loader=&#8221;off&#8221; da_has_shadow=&#8221;on&#8221;][et_pb_row column_structure=&#8221;1_4,1_4,1_4,1_4&#8243; use_custom_gutter=&#8221;on&#8221; gutter_width=&#8221;2&#8243; make_equal=&#8221;on&#8221; admin_label=&#8221;Slu\u017eby \u0159\u00e1dek&#8221; _builder_version=&#8221;4.24.3&#8243; _module_preset=&#8221;_initial&#8221; global_colors_info=&#8221;{}&#8221;][et_pb_column type=&#8221;1_4&#8243; _builder_version=&#8221;4.23.4&#8243; _module_preset=&#8221;default&#8221; global_colors_info=&#8221;{}&#8221;][et_pb_blurb title=&#8221;Business law&#8221; image=&#8221;https:\/\/www.aklegalart.cz\/wp-content\/uploads\/icon-obchodni-1.svg&#8221; admin_label=&#8221;Pr\u00e1vo obchodn\u00edch korporac\u00ed&#8221; _builder_version=&#8221;4.27.0&#8243; _module_preset=&#8221;b1071d03-8ba0-440d-8483-b2b98e3a953d&#8221; global_colors_info=&#8221;{}&#8221;]<\/p>\n<ul>\n<li>establishment and changes in business corporations and<\/li>\n<li>cooperatives and other legal entities,<\/li>\n<li>transformations of business corporations,<\/li>\n<li>preparation of contracts,<\/li>\n<li>representation in court and arbitration proceedings in disputes from business relationships,<\/li>\n<li>legal due diligence on the state of business corporations,<\/li>\n<li>recovery of receivables from business relationships a<\/li>\n<li>insolvency proceedings<\/li>\n<\/ul>\n<p>[\/et_pb_blurb][\/et_pb_column][et_pb_column type=&#8221;1_4&#8243; _builder_version=&#8221;4.23.4&#8243; _module_preset=&#8221;default&#8221; global_colors_info=&#8221;{}&#8221;][et_pb_blurb title=&#8221;Civil law&#8221; image=&#8221;https:\/\/www.aklegalart.cz\/wp-content\/uploads\/icon-obcanske-1.svg&#8221; admin_label=&#8221;Ob\u010dansk\u00e9 pr\u00e1vo&#8221; _builder_version=&#8221;4.27.0&#8243; _module_preset=&#8221;b1071d03-8ba0-440d-8483-b2b98e3a953d&#8221; global_colors_info=&#8221;{}&#8221;]<\/p>\n<ul>\n<li>preparation of contracts,<\/li>\n<li>representation in court and arbitration proceedings in civil disputes,<\/li>\n<li>neighborhood rights and<\/li>\n<li>law of inheritance<\/li>\n<\/ul>\n<p>[\/et_pb_blurb][\/et_pb_column][et_pb_column type=&#8221;1_4&#8243; _builder_version=&#8221;4.23.4&#8243; _module_preset=&#8221;default&#8221; global_colors_info=&#8221;{}&#8221;][et_pb_blurb title=&#8221;Real estate law&#8221; image=&#8221;https:\/\/www.aklegalart.cz\/wp-content\/uploads\/icon-nemovitosti-1.svg&#8221; admin_label=&#8221;Pr\u00e1vo nemovitost\u00ed&#8221; _builder_version=&#8221;4.27.0&#8243; _module_preset=&#8221;b1071d03-8ba0-440d-8483-b2b98e3a953d&#8221; global_colors_info=&#8221;{}&#8221;]<\/p>\n<ul>\n<li>complex preparation of contractual documentation relating to real estate &#8211; purchase contracts, future purchase agreement contracts, loan agreements, mortgage agreements, agreements on the establishment of easements,<\/li>\n<li>lease law &#8211; drafting of lease agreements, their amendments and termination,<\/li>\n<li>development projects,<\/li>\n<li>provision of legal services to real estate agencies,<\/li>\n<li>representation before courts, arbitration and administrative authorities in real estate disputes and<\/li>\n<li>legal custody of money, securities and other assets.<\/li>\n<\/ul>\n<p>[\/et_pb_blurb][\/et_pb_column][et_pb_column type=&#8221;1_4&#8243; _builder_version=&#8221;4.23.4&#8243; _module_preset=&#8221;default&#8221; global_colors_info=&#8221;{}&#8221;][et_pb_blurb title=&#8221;The law of data protection&#8221; image=&#8221;https:\/\/www.aklegalart.cz\/wp-content\/uploads\/icon-osobni-1.svg&#8221; admin_label=&#8221;Pr\u00e1vo na ochranu osobn\u00edch \u00fadaj\u016f&#8221; _builder_version=&#8221;4.27.0&#8243; _module_preset=&#8221;b1071d03-8ba0-440d-8483-b2b98e3a953d&#8221; global_colors_info=&#8221;{%22gcid-04231e07-2696-4664-af8b-4152a973f49c%22:%91%22icon_color%22%93}&#8221;]<\/p>\n<ul>\n<li>comprehensive legal advice regarding the implementation of new obligations under the GDPR regulation.<\/li>\n<\/ul>\n<p>[\/et_pb_blurb][\/et_pb_column][\/et_pb_row][et_pb_row column_structure=&#8221;1_4,1_4,1_4,1_4&#8243; use_custom_gutter=&#8221;on&#8221; gutter_width=&#8221;2&#8243; make_equal=&#8221;on&#8221; admin_label=&#8221;Slu\u017eby \u0159\u00e1dek&#8221; _builder_version=&#8221;4.24.3&#8243; _module_preset=&#8221;_initial&#8221; global_colors_info=&#8221;{}&#8221;][et_pb_column type=&#8221;1_4&#8243; _builder_version=&#8221;4.23.4&#8243; _module_preset=&#8221;default&#8221; global_colors_info=&#8221;{}&#8221;][et_pb_blurb title=&#8221;Criminal law&#8221; image=&#8221;https:\/\/www.aklegalart.cz\/wp-content\/uploads\/icon-trestni-1.svg&#8221; admin_label=&#8221;Trestn\u00ed pr\u00e1vo&#8221; _builder_version=&#8221;4.27.0&#8243; _module_preset=&#8221;b1071d03-8ba0-440d-8483-b2b98e3a953d&#8221; global_colors_info=&#8221;{}&#8221;]<\/p>\n<ul>\n<li>defence of the accused in criminal proceedings and<\/li>\n<li>representation of victims in criminal proceedings &#8211; compensation for damages caused by criminal offences<\/li>\n<\/ul>\n<p>[\/et_pb_blurb][\/et_pb_column][et_pb_column type=&#8221;1_4&#8243; _builder_version=&#8221;4.23.4&#8243; _module_preset=&#8221;default&#8221; global_colors_info=&#8221;{}&#8221;][et_pb_blurb title=&#8221;Labour law&#8221; image=&#8221;https:\/\/www.aklegalart.cz\/wp-content\/uploads\/icon-pracovni-1.svg&#8221; admin_label=&#8221;Pracovn\u00ed pr\u00e1vo&#8221; _builder_version=&#8221;4.27.0&#8243; _module_preset=&#8221;b1071d03-8ba0-440d-8483-b2b98e3a953d&#8221; global_colors_info=&#8221;{}&#8221;]<\/p>\n<ul>\n<li>Comprehensive provision of employers&#8217; labour law agenda &#8211; drafting of employment contracts, changes in employment relationship, termination of employment relationship, legal due diligence of employment law documentation and<\/li>\n<li>representation in court proceedings in disputes over wage compensation, damages, invalidity of termination and immediate termination of employment<\/li>\n<\/ul>\n<p>[\/et_pb_blurb][\/et_pb_column][et_pb_column type=&#8221;1_4&#8243; _builder_version=&#8221;4.23.4&#8243; _module_preset=&#8221;default&#8221; global_colors_info=&#8221;{}&#8221;][et_pb_blurb title=&#8221;Family law&#8221; image=&#8221;https:\/\/www.aklegalart.cz\/wp-content\/uploads\/icon-rodinne-1.svg&#8221; admin_label=&#8221;Rodinn\u00e9 pr\u00e1vo&#8221; _builder_version=&#8221;4.27.0&#8243; _module_preset=&#8221;b1071d03-8ba0-440d-8483-b2b98e3a953d&#8221; animation_speed_curve_last_edited=&#8221;off|desktop&#8221; global_colors_info=&#8221;{%22gcid-04231e07-2696-4664-af8b-4152a973f49c%22:%91%22icon_color%22%93}&#8221;]<\/p>\n<ul>\n<li>Representation in divorce and parental responsibility modification proceedings, including the determination of child support; and<\/li>\n<li>representation in proceedings for the settlement of matrimonial property<\/li>\n<\/ul>\n<p>[\/et_pb_blurb][\/et_pb_column][et_pb_column type=&#8221;1_4&#8243; _builder_version=&#8221;4.23.4&#8243; _module_preset=&#8221;default&#8221; global_colors_info=&#8221;{}&#8221;][et_pb_blurb title=&#8221;Administrative law&#8221; image=&#8221;https:\/\/www.aklegalart.cz\/wp-content\/uploads\/icon-spravni-1.svg&#8221; admin_label=&#8221;Spr\u00e1vn\u00ed pr\u00e1vo&#8221; _builder_version=&#8221;4.27.0&#8243; _module_preset=&#8221;b1071d03-8ba0-440d-8483-b2b98e3a953d&#8221; global_colors_info=&#8221;{}&#8221;]<\/p>\n<ul>\n<li>representation in proceedings concerning offences and administrative offences of individuals and legal persons; and<\/li>\n<li>representation in construction proceedings<\/li>\n<\/ul>\n<p>[\/et_pb_blurb][\/et_pb_column][\/et_pb_row][et_pb_row column_structure=&#8221;1_4,1_4,1_4,1_4&#8243; use_custom_gutter=&#8221;on&#8221; gutter_width=&#8221;2&#8243; make_equal=&#8221;on&#8221; disabled_on=&#8221;off|off|off&#8221; admin_label=&#8221;Slu\u017eby \u0159\u00e1dek&#8221; _builder_version=&#8221;4.25.0&#8243; _module_preset=&#8221;_initial&#8221; global_colors_info=&#8221;{}&#8221;][et_pb_column type=&#8221;1_4&#8243; _builder_version=&#8221;4.23.4&#8243; _module_preset=&#8221;default&#8221; global_colors_info=&#8221;{}&#8221;][et_pb_blurb title=&#8221;Enforcement of claims&#8221; url=&#8221;@ET-DC@eyJkeW5hbWljIjp0cnVlLCJjb250ZW50IjoicG9zdF9saW5rX3VybF9wYWdlIiwic2V0dGluZ3MiOnsicG9zdF9pZCI6Ijc1NSJ9fQ==@&#8221; image=&#8221;https:\/\/www.aklegalart.cz\/wp-content\/uploads\/icon-pohledavky-1.svg&#8221; admin_label=&#8221;Vym\u00e1h\u00e1n\u00ed pohled\u00e1vek&#8221; _builder_version=&#8221;4.27.0&#8243; _dynamic_attributes=&#8221;url,link_option_url&#8221; _module_preset=&#8221;b1071d03-8ba0-440d-8483-b2b98e3a953d&#8221; link_option_url=&#8221;@ET-DC@eyJkeW5hbWljIjp0cnVlLCJjb250ZW50IjoicG9zdF9saW5rX3VybF9wYWdlIiwic2V0dGluZ3MiOnsicG9zdF9pZCI6Ijc1NSJ9fQ==@&#8221; global_colors_info=&#8221;{}&#8221;]<\/p>\n<ul>\n<li>Cooperation with the Executor&#8217;s Office in Ostrava<\/li>\n<li>a highly effective and individual approach to solving claims or executions<\/li>\n<\/ul>\n<p>[\/et_pb_blurb][\/et_pb_column][et_pb_column type=&#8221;1_4&#8243; _builder_version=&#8221;4.23.4&#8243; _module_preset=&#8221;default&#8221; global_colors_info=&#8221;{}&#8221;][\/et_pb_column][et_pb_column type=&#8221;1_4&#8243; _builder_version=&#8221;4.23.4&#8243; _module_preset=&#8221;default&#8221; global_colors_info=&#8221;{}&#8221;][\/et_pb_column][et_pb_column type=&#8221;1_4&#8243; _builder_version=&#8221;4.23.4&#8243; _module_preset=&#8221;default&#8221; global_colors_info=&#8221;{}&#8221;][\/et_pb_column][\/et_pb_row][et_pb_row use_custom_gutter=&#8221;on&#8221; gutter_width=&#8221;2&#8243; make_equal=&#8221;on&#8221; admin_label=&#8221;Slu\u017eby \u0159\u00e1dek&#8221; _builder_version=&#8221;4.24.3&#8243; _module_preset=&#8221;_initial&#8221; collapsed=&#8221;off&#8221; global_colors_info=&#8221;{}&#8221;][et_pb_column type=&#8221;4_4&#8243; _builder_version=&#8221;4.23.4&#8243; _module_preset=&#8221;default&#8221; global_colors_info=&#8221;{}&#8221;][et_pb_blurb title=&#8221;Didn&#8217;t find the field you are looking for?&#8221; image=&#8221;https:\/\/www.aklegalart.cz\/wp-content\/uploads\/icon-pravo-2-1.svg&#8221; icon_placement=&#8221;left&#8221; admin_label=&#8221;CTA Zeptejte se n\u00e1s&#8221; module_class=&#8221; sluzba-blurb more-services&#8221; _builder_version=&#8221;4.27.0&#8243; _module_preset=&#8221;b1071d03-8ba0-440d-8483-b2b98e3a953d&#8221; header_font=&#8221;Montserrat||||||||&#8221; global_colors_info=&#8221;{}&#8221;]<strong><a href=\"\/en\/contact\/\">Feel free to ask us <span class=\"divi-text-toggle-icon\">5<\/span><\/a><\/strong>[\/et_pb_blurb][\/et_pb_column][\/et_pb_row][\/et_pb_section][et_pb_section fb_built=&#8221;1&#8243; _builder_version=&#8221;4.24.0&#8243; _module_preset=&#8221;default&#8221; background_color=&#8221;gcid-54ce380d-9f73-424a-9c5a-9bf6ee067a58&#8243; da_disable_devices=&#8221;off|off|off&#8221; global_colors_info=&#8221;{%22gcid-54ce380d-9f73-424a-9c5a-9bf6ee067a58%22:%91%22background_color%22%93}&#8221; da_is_popup=&#8221;off&#8221; da_exit_intent=&#8221;off&#8221; da_has_close=&#8221;on&#8221; da_alt_close=&#8221;off&#8221; da_dark_close=&#8221;off&#8221; da_not_modal=&#8221;on&#8221; da_is_singular=&#8221;off&#8221; da_with_loader=&#8221;off&#8221; da_has_shadow=&#8221;on&#8221;][et_pb_row column_structure=&#8221;1_4,1_4,1_4,1_4&#8243; use_custom_gutter=&#8221;on&#8221; gutter_width=&#8221;2&#8243; make_equal=&#8221;on&#8221; custom_padding_last_edited=&#8221;on|desktop&#8221; admin_label=&#8221;\u0158\u00e1dek Rychl\u00fd kontakt&#8221; module_id=&#8221;hp-kontakt-row&#8221; _builder_version=&#8221;4.25.0&#8243; _module_preset=&#8221;default&#8221; background_color=&#8221;gcid-ac524cf3-484a-492a-9744-c76e4cdcc3b5&#8243; background_enable_pattern_style=&#8221;on&#8221; background_pattern_style=&#8221;diagonal-stripes-2&#8243; background_enable_mask_style=&#8221;on&#8221; background_mask_style=&#8221;chevrons&#8221; background_mask_color=&#8221;rgba(28,15,15,0.35)&#8221; background_mask_transform=&#8221;invert&#8221; width=&#8221;100%&#8221; custom_padding=&#8221;4rem|4rem|4rem|4rem|true|true&#8221; custom_padding_tablet=&#8221;4rem|2rem|4rem|2rem|true|true&#8221; custom_padding_phone=&#8221;|2rem||2rem|true|true&#8221; scroll_fade_enable=&#8221;on&#8221; scroll_fade=&#8221;0|20|80|100|80%|100|80%&#8221; scroll_scaling_enable=&#8221;on&#8221; scroll_scaling=&#8221;0|20|80|100|90%|100|90%&#8221; scroll_fade_tablet=&#8221;0|10|90|100|80%|100|80%&#8221; scroll_fade_phone=&#8221;0|5|95|100|80%|100|80%&#8221; scroll_fade_last_edited=&#8221;on|phone&#8221; global_module=&#8221;1262&#8243; saved_tabs=&#8221;all&#8221; global_colors_info=&#8221;{%22gcid-ac524cf3-484a-492a-9744-c76e4cdcc3b5%22:%91%22background_color%22%93}&#8221;][et_pb_column type=&#8221;1_4&#8243; _builder_version=&#8221;4.24.0&#8243; _module_preset=&#8221;default&#8221; global_colors_info=&#8221;{}&#8221;][et_pb_text _builder_version=&#8221;4.27.0&#8243; _module_preset=&#8221;059bf006-7aa2-472d-999d-0411858bcf5c&#8221; background_layout=&#8221;dark&#8221; custom_css_after=&#8221;display: none;&#8221; global_colors_info=&#8221;{}&#8221;]<\/p>\n<p>QUICK CONTACT<\/p>\n<h2>Do you need advice? Contact us.<\/h2>\n<p>[\/et_pb_text][\/et_pb_column][et_pb_column type=&#8221;1_4&#8243; _builder_version=&#8221;4.24.0&#8243; _module_preset=&#8221;default&#8221; global_colors_info=&#8221;{}&#8221;][et_pb_blurb title=&#8221;By a phone&#8221; use_icon=&#8221;on&#8221; font_icon=&#8221;&#xe00b;||divi||400&#8243; admin_label=&#8221;Telefonicky&#8221; _builder_version=&#8221;4.27.0&#8243; _module_preset=&#8221;69871151-8df9-4897-9128-90b4207868c8&#8243; link_option_url=&#8221;tel:+420603463604&#8243; global_colors_info=&#8221;{%22gcid-8ea486af-be64-4498-955e-49840d185598%22:%91%22icon_color%22,%22icon_color%22,%22icon_color%22,%22icon_color%22,%22icon_color%22,%22icon_color%22%93,%22gcid-ba12905d-f86b-4885-851b-8587a15291c1%22:%91%22icon_color%22%93,%22gcid-e252e44c-b852-4c1f-9bf9-928f45602050%22:%91%22background_color%22%93}&#8221;]<\/p>\n<p><a href=\"tel:+420774550957\">+420 774 550 957<\/a><\/p>\n<p><a href=\"tel:+420603463604\">+420 603 463 604<\/a><\/p>\n<p>[\/et_pb_blurb][\/et_pb_column][et_pb_column type=&#8221;1_4&#8243; _builder_version=&#8221;4.24.0&#8243; _module_preset=&#8221;default&#8221; global_colors_info=&#8221;{}&#8221;][et_pb_blurb title=&#8221;By E-mail&#8221; use_icon=&#8221;on&#8221; font_icon=&#8221;&#xe010;||divi||400&#8243; admin_label=&#8221;E-mailem&#8221; _builder_version=&#8221;4.27.0&#8243; _module_preset=&#8221;69871151-8df9-4897-9128-90b4207868c8&#8243; link_option_url=&#8221;mailto:kancelar@aklegalart.cz&#8221; global_colors_info=&#8221;{%22gcid-e252e44c-b852-4c1f-9bf9-928f45602050%22:%91%22background_color%22,%22background_color%22,%22background_color%22,%22background_color%22,%22background_color%22,%22background_color%22,%22background_color%22,%22background_color%22,%22background_color%22,%22background_color%22,%22background_color%22,%22background_color%22,%22background_color%22,%22background_color%22%93,%22gcid-9c0a5de9-52c8-4ddc-a908-c61d21bce329%22:%91%22background_color%22,%22background_color%22,%22background_color%22,%22background_color%22%93,%22gcid-8ea486af-be64-4498-955e-49840d185598%22:%91%22icon_color%22%93}&#8221;]<\/p>\n<p><a href=\"mailto:darja.pavlorkova@aklegalart.cz\">darja.pavlorkova@aklegalart.cz<\/a><\/p>\n<p><a href=\"mailto:martin.voldrich@aklegalart.cz\">martin.voldrich@aklegalart.cz<\/a><\/p>\n<p>[\/et_pb_blurb][\/et_pb_column][et_pb_column type=&#8221;1_4&#8243; _builder_version=&#8221;4.24.0&#8243; _module_preset=&#8221;default&#8221; global_colors_info=&#8221;{}&#8221;][et_pb_blurb title=&#8221;In person&#8221; use_icon=&#8221;on&#8221; font_icon=&#8221;&#xf007;||fa||400&#8243; admin_label=&#8221;Osobn\u011b&#8221; _builder_version=&#8221;4.27.0&#8243; _dynamic_attributes=&#8221;link_option_url&#8221; _module_preset=&#8221;69871151-8df9-4897-9128-90b4207868c8&#8243; animation_delay=&#8221;1000ms&#8221; link_option_url=&#8221;@ET-DC@eyJkeW5hbWljIjp0cnVlLCJjb250ZW50IjoicG9zdF9saW5rX3VybF9wYWdlIiwic2V0dGluZ3MiOnsicG9zdF9pZCI6IjMwIn19@&#8221; global_colors_info=&#8221;{%22gcid-e252e44c-b852-4c1f-9bf9-928f45602050%22:%91%22background_color%22,%22background_color%22,%22background_color%22,%22background_color%22,%22background_color%22,%22background_color%22,%22background_color%22,%22background_color%22,%22background_color%22,%22background_color%22,%22background_color%22,%22background_color%22,%22background_color%22,%22background_color%22%93,%22gcid-9c0a5de9-52c8-4ddc-a908-c61d21bce329%22:%91%22body_text_color%22,%22background_color%22,%22body_text_color%22,%22background_color%22,%22body_text_color%22,%22background_color%22,%22body_text_color%22,%22background_color%22%93,%22gcid-8ea486af-be64-4498-955e-49840d185598%22:%91%22icon_color%22%93}&#8221;]<\/p>\n<p><a href=\"\/en\/contact\/\">Make an appointment<\/a><\/p>\n<p>[\/et_pb_blurb][\/et_pb_column][\/et_pb_row][\/et_pb_section]<\/p>\n","protected":false},"excerpt":{"rendered":"<p>WHAT WE UNDERSTAND THE BEST Services establishment and changes in business corporations and cooperatives and other legal entities, transformations of business corporations, preparation of contracts, representation in court and arbitration proceedings in disputes from business relationships, legal due diligence on the state of business corporations, recovery of receivables from business relationships a insolvency proceedings preparation [&hellip;]<\/p>\n","protected":false},"author":3,"featured_media":1088,"parent":0,"menu_order":0,"comment_status":"closed","ping_status":"closed","template":"","meta":{"_acf_changed":false,"_et_pb_use_builder":"on","_et_pb_old_content":"","_et_gb_content_width":"","footnotes":""},"class_list":["post-1249","page","type-page","status-publish","has-post-thumbnail","hentry"],"acf":[],"_links":{"self":[{"href":"https:\/\/www.aklegalart.cz\/en\/wp-json\/wp\/v2\/pages\/1249","targetHints":{"allow":["GET"]}}],"collection":[{"href":"https:\/\/www.aklegalart.cz\/en\/wp-json\/wp\/v2\/pages"}],"about":[{"href":"https:\/\/www.aklegalart.cz\/en\/wp-json\/wp\/v2\/types\/page"}],"author":[{"embeddable":true,"href":"https:\/\/www.aklegalart.cz\/en\/wp-json\/wp\/v2\/users\/3"}],"replies":[{"embeddable":true,"href":"https:\/\/www.aklegalart.cz\/en\/wp-json\/wp\/v2\/comments?post=1249"}],"version-history":[{"count":4,"href":"https:\/\/www.aklegalart.cz\/en\/wp-json\/wp\/v2\/pages\/1249\/revisions"}],"predecessor-version":[{"id":1393,"href":"https:\/\/www.aklegalart.cz\/en\/wp-json\/wp\/v2\/pages\/1249\/revisions\/1393"}],"wp:featuredmedia":[{"embeddable":true,"href":"https:\/\/www.aklegalart.cz\/en\/wp-json\/wp\/v2\/media\/1088"}],"wp:attachment":[{"href":"https:\/\/www.aklegalart.cz\/en\/wp-json\/wp\/v2\/media?parent=1249"}],"curies":[{"name":"wp","href":"https:\/\/api.w.org\/{rel}","templated":true}]}}