{"id":1244,"date":"2024-04-25T16:30:16","date_gmt":"2024-04-25T15:30:16","guid":{"rendered":"https:\/\/www.aklegalart.cz\/cenik\/"},"modified":"2024-08-02T15:06:07","modified_gmt":"2024-08-02T14:06:07","slug":"pricelist","status":"publish","type":"page","link":"https:\/\/www.aklegalart.cz\/en\/pricelist\/","title":{"rendered":"Pricelist"},"content":{"rendered":"<p>[et_pb_section fb_built=&#8221;1&#8243; admin_label=&#8221;Section&#8221; _builder_version=&#8221;4.24.0&#8243; _dynamic_attributes=&#8221;background_image&#8221; _module_preset=&#8221;ec1de8e2-17fe-4a30-90ba-05ec739bf2bf&#8221; da_disable_devices=&#8221;off|off|off&#8221; locked=&#8221;off&#8221; global_colors_info=&#8221;{}&#8221; da_is_popup=&#8221;off&#8221; da_exit_intent=&#8221;off&#8221; da_has_close=&#8221;on&#8221; da_alt_close=&#8221;off&#8221; da_dark_close=&#8221;off&#8221; da_not_modal=&#8221;on&#8221; da_is_singular=&#8221;off&#8221; da_with_loader=&#8221;off&#8221; da_has_shadow=&#8221;on&#8221;][et_pb_row _builder_version=&#8221;4.24.0&#8243; _module_preset=&#8221;default&#8221; position_origin_a=&#8221;center_center&#8221; global_colors_info=&#8221;{}&#8221;][et_pb_column type=&#8221;4_4&#8243; _builder_version=&#8221;4.23.4&#8243; _module_preset=&#8221;default&#8221; global_colors_info=&#8221;{}&#8221;][et_pb_text _builder_version=&#8221;4.27.0&#8243; _module_preset=&#8221;9156d961-6f18-4778-ae1b-2e121c8fd6d6&#8243; global_colors_info=&#8221;{%22gcid-8ea486af-be64-4498-955e-49840d185598%22:%91%22header_5_text_color%22,%22header_5_text_color%22%93,%22gcid-04231e07-2696-4664-af8b-4152a973f49c%22:%91%22text_text_color%22%93}&#8221;]<\/p>\n<p>LAW FIRM<\/p>\n<h1>Pricelist<\/h1>\n<p>[\/et_pb_text][\/et_pb_column][\/et_pb_row][\/et_pb_section][et_pb_section fb_built=&#8221;1&#8243; admin_label=&#8221;Section&#8221; module_id=&#8221;blog&#8221; _builder_version=&#8221;4.24.0&#8243; _module_preset=&#8221;default&#8221; da_popup_slug=&#8221;blog&#8221; da_disable_devices=&#8221;off|off|off&#8221; locked=&#8221;off&#8221; global_colors_info=&#8221;{}&#8221; da_is_popup=&#8221;off&#8221; da_exit_intent=&#8221;off&#8221; da_has_close=&#8221;on&#8221; da_alt_close=&#8221;off&#8221; da_dark_close=&#8221;off&#8221; da_not_modal=&#8221;on&#8221; da_is_singular=&#8221;off&#8221; da_with_loader=&#8221;off&#8221; da_has_shadow=&#8221;on&#8221;][et_pb_row column_structure=&#8221;1_2,1_2&#8243; use_custom_gutter=&#8221;on&#8221; gutter_width=&#8221;2&#8243; make_equal=&#8221;on&#8221; custom_padding_last_edited=&#8221;on|desktop&#8221; _builder_version=&#8221;4.25.0&#8243; _module_preset=&#8221;_initial&#8221; custom_padding=&#8221;2rem||1rem||false|false&#8221; custom_padding_tablet=&#8221;2rem||0rem||false|false&#8221; custom_padding_phone=&#8221;2rem||0rem||false|false&#8221; global_colors_info=&#8221;{}&#8221;][et_pb_column type=&#8221;1_2&#8243; _builder_version=&#8221;4.25.0&#8243; _module_preset=&#8221;default&#8221; global_colors_info=&#8221;{}&#8221;][et_pb_text _builder_version=&#8221;4.27.0&#8243; _module_preset=&#8221;default&#8221; global_colors_info=&#8221;{}&#8221;]<\/p>\n<h2><strong>Remuneration<\/strong><\/h2>\n<p>Depending on the nature of the legal service provided, we determine the remuneration in agreement with the client in the following ways:<\/p>\n<p>[\/et_pb_text][\/et_pb_column][et_pb_column type=&#8221;1_2&#8243; _builder_version=&#8221;4.25.0&#8243; _module_preset=&#8221;default&#8221; global_colors_info=&#8221;{}&#8221;][et_pb_blurb title=&#8221;Bank details&#8221; _builder_version=&#8221;4.27.0&#8243; _module_preset=&#8221;a715d56b-ead7-4f79-843e-30885dfa1bef&#8221; header_font=&#8221;|300|||||||&#8221; background_color=&#8221;#f7f7f7&#8243; global_colors_info=&#8221;{}&#8221;]<\/p>\n<p>Account number: 263961479<br \/>Bank: 0600<\/p>\n<p>[\/et_pb_blurb][\/et_pb_column][\/et_pb_row][et_pb_row column_structure=&#8221;1_2,1_2&#8243; use_custom_gutter=&#8221;on&#8221; gutter_width=&#8221;2&#8243; make_equal=&#8221;on&#8221; custom_padding_last_edited=&#8221;on|desktop&#8221; _builder_version=&#8221;4.25.0&#8243; _module_preset=&#8221;_initial&#8221; custom_padding=&#8221;2rem||1rem||false|false&#8221; custom_padding_tablet=&#8221;2rem||0rem||false|false&#8221; custom_padding_phone=&#8221;2rem||0rem||false|false&#8221; global_colors_info=&#8221;{}&#8221;][et_pb_column type=&#8221;1_2&#8243; _builder_version=&#8221;4.25.0&#8243; _module_preset=&#8221;default&#8221; global_colors_info=&#8221;{}&#8221;][et_pb_blurb title=&#8221;Time remuneration&#8221; _builder_version=&#8221;4.27.0&#8243; _module_preset=&#8221;a715d56b-ead7-4f79-843e-30885dfa1bef&#8221; global_colors_info=&#8221;{}&#8221;]<\/p>\n<p>The hourly fee for the services of an attorney ranges from CZK 2,000 to CZK 3,000 and is determined by the number of hours the attorney actually spends processing the case for the client.<\/p>\n<p>[\/et_pb_blurb][\/et_pb_column][et_pb_column type=&#8221;1_2&#8243; _builder_version=&#8221;4.25.0&#8243; _module_preset=&#8221;default&#8221; global_colors_info=&#8221;{}&#8221;][et_pb_blurb title=&#8221;Flat fee remuneration&#8221; _builder_version=&#8221;4.27.0&#8243; _module_preset=&#8221;a715d56b-ead7-4f79-843e-30885dfa1bef&#8221; global_colors_info=&#8221;{}&#8221;]<\/p>\n<p>The fee for the services of an advocate is determined by the number of acts of legal service that the advocate performs for the client in a particular case (the fixed amount for one act is then determined by the advocate&#8217;s tariff according to the nature of the case, with the proviso that the amount of the tariff-based fee may be adjusted accordingly after agreement with the client).<\/p>\n<p>[\/et_pb_blurb][\/et_pb_column][\/et_pb_row][et_pb_row column_structure=&#8221;1_2,1_2&#8243; use_custom_gutter=&#8221;on&#8221; gutter_width=&#8221;2&#8243; make_equal=&#8221;on&#8221; custom_padding_last_edited=&#8221;on|desktop&#8221; _builder_version=&#8221;4.25.0&#8243; _module_preset=&#8221;default&#8221; custom_padding=&#8221;2rem||1rem||false|false&#8221; custom_padding_tablet=&#8221;2rem||0rem||false|false&#8221; custom_padding_phone=&#8221;2rem||0rem||false|false&#8221; global_colors_info=&#8221;{}&#8221;][et_pb_column type=&#8221;1_2&#8243; _builder_version=&#8221;4.25.0&#8243; _module_preset=&#8221;default&#8221; global_colors_info=&#8221;{}&#8221;][et_pb_blurb title=&#8221;Lump sum fee&#8221; _builder_version=&#8221;4.27.0&#8243; _module_preset=&#8221;a715d56b-ead7-4f79-843e-30885dfa1bef&#8221; global_colors_info=&#8221;{}&#8221;]<\/p>\n<p>The remuneration for the services of an attorney is arranged in a fixed amount for the complete handling of the case, the amount of which is agreed with the client upon acceptance of representation (a lump sum fee may be arranged in particular in cases in which the total scope of the attorney&#8217;s activity can be estimated in advance &#8211; e.g. in commercial law when establishing a company).<\/p>\n<p>[\/et_pb_blurb][\/et_pb_column][et_pb_column type=&#8221;1_2&#8243; _builder_version=&#8221;4.25.0&#8243; _module_preset=&#8221;default&#8221; global_colors_info=&#8221;{}&#8221;][et_pb_blurb title=&#8221;Monthly lump sum fee&#8221; _builder_version=&#8221;4.27.0&#8243; _module_preset=&#8221;a715d56b-ead7-4f79-843e-30885dfa1bef&#8221; global_colors_info=&#8221;{}&#8221;]<\/p>\n<p>The fee for the services of an attorney is the same each month, with the advantageous number of hours the attorney spends handling legal services for the client included in the lump sum. If this number of hours is reached, the attorney will notify the client and agree with the client to bill for additional hours of legal services.<\/p>\n<p>[\/et_pb_blurb][\/et_pb_column][\/et_pb_row][et_pb_row custom_padding_last_edited=&#8221;on|desktop&#8221; _builder_version=&#8221;4.25.0&#8243; _module_preset=&#8221;default&#8221; custom_padding_tablet=&#8221;&#8221; custom_padding_phone=&#8221;&#8221; global_colors_info=&#8221;{}&#8221;][et_pb_column type=&#8221;4_4&#8243; _builder_version=&#8221;4.24.3&#8243; _module_preset=&#8221;default&#8221; global_colors_info=&#8221;{}&#8221;][et_pb_text _builder_version=&#8221;4.27.0&#8243; _module_preset=&#8221;default&#8221; global_colors_info=&#8221;{}&#8221;]<\/p>\n<p>Clients are always informed at the time of taking the matter of the anticipated scope of the lawyer&#8217;s work and the total costs and out-of-pocket expenses that will be required on the part of the client to fully resolve the matter.<\/p>\n<p>[\/et_pb_text][\/et_pb_column][\/et_pb_row][\/et_pb_section][et_pb_section fb_built=&#8221;1&#8243; _builder_version=&#8221;4.24.0&#8243; _module_preset=&#8221;default&#8221; background_color=&#8221;gcid-54ce380d-9f73-424a-9c5a-9bf6ee067a58&#8243; da_disable_devices=&#8221;off|off|off&#8221; global_colors_info=&#8221;{%22gcid-54ce380d-9f73-424a-9c5a-9bf6ee067a58%22:%91%22background_color%22%93}&#8221; da_is_popup=&#8221;off&#8221; da_exit_intent=&#8221;off&#8221; da_has_close=&#8221;on&#8221; da_alt_close=&#8221;off&#8221; da_dark_close=&#8221;off&#8221; da_not_modal=&#8221;on&#8221; da_is_singular=&#8221;off&#8221; da_with_loader=&#8221;off&#8221; da_has_shadow=&#8221;on&#8221;][et_pb_row column_structure=&#8221;1_4,1_4,1_4,1_4&#8243; use_custom_gutter=&#8221;on&#8221; gutter_width=&#8221;2&#8243; make_equal=&#8221;on&#8221; custom_padding_last_edited=&#8221;on|desktop&#8221; admin_label=&#8221;\u0158\u00e1dek Rychl\u00fd kontakt&#8221; module_id=&#8221;hp-kontakt-row&#8221; _builder_version=&#8221;4.25.0&#8243; _module_preset=&#8221;default&#8221; background_color=&#8221;gcid-ac524cf3-484a-492a-9744-c76e4cdcc3b5&#8243; background_enable_pattern_style=&#8221;on&#8221; background_pattern_style=&#8221;diagonal-stripes-2&#8243; background_enable_mask_style=&#8221;on&#8221; background_mask_style=&#8221;chevrons&#8221; background_mask_color=&#8221;rgba(28,15,15,0.35)&#8221; background_mask_transform=&#8221;invert&#8221; width=&#8221;100%&#8221; custom_padding=&#8221;4rem|4rem|4rem|4rem|true|true&#8221; custom_padding_tablet=&#8221;4rem|2rem|4rem|2rem|true|true&#8221; custom_padding_phone=&#8221;|2rem||2rem|true|true&#8221; scroll_fade_enable=&#8221;on&#8221; scroll_fade=&#8221;0|20|80|100|80%|100|80%&#8221; scroll_scaling_enable=&#8221;on&#8221; scroll_scaling=&#8221;0|20|80|100|90%|100|90%&#8221; scroll_fade_tablet=&#8221;0|10|90|100|80%|100|80%&#8221; scroll_fade_phone=&#8221;0|5|95|100|80%|100|80%&#8221; scroll_fade_last_edited=&#8221;on|phone&#8221; global_module=&#8221;1262&#8243; saved_tabs=&#8221;all&#8221; global_colors_info=&#8221;{%22gcid-ac524cf3-484a-492a-9744-c76e4cdcc3b5%22:%91%22background_color%22%93}&#8221;][et_pb_column type=&#8221;1_4&#8243; _builder_version=&#8221;4.24.0&#8243; _module_preset=&#8221;default&#8221; global_colors_info=&#8221;{}&#8221;][et_pb_text _builder_version=&#8221;4.27.0&#8243; _module_preset=&#8221;059bf006-7aa2-472d-999d-0411858bcf5c&#8221; background_layout=&#8221;dark&#8221; custom_css_after=&#8221;display: none;&#8221; global_colors_info=&#8221;{}&#8221;]<\/p>\n<p>QUICK CONTACT<\/p>\n<h2>Do you need advice? Contact us.<\/h2>\n<p>[\/et_pb_text][\/et_pb_column][et_pb_column type=&#8221;1_4&#8243; _builder_version=&#8221;4.24.0&#8243; _module_preset=&#8221;default&#8221; global_colors_info=&#8221;{}&#8221;][et_pb_blurb title=&#8221;By a phone&#8221; use_icon=&#8221;on&#8221; font_icon=&#8221;&#xe00b;||divi||400&#8243; admin_label=&#8221;Telefonicky&#8221; _builder_version=&#8221;4.27.0&#8243; _module_preset=&#8221;69871151-8df9-4897-9128-90b4207868c8&#8243; link_option_url=&#8221;tel:+420603463604&#8243; global_colors_info=&#8221;{%22gcid-8ea486af-be64-4498-955e-49840d185598%22:%91%22icon_color%22,%22icon_color%22,%22icon_color%22,%22icon_color%22,%22icon_color%22,%22icon_color%22%93,%22gcid-ba12905d-f86b-4885-851b-8587a15291c1%22:%91%22icon_color%22%93,%22gcid-e252e44c-b852-4c1f-9bf9-928f45602050%22:%91%22background_color%22%93}&#8221;]<\/p>\n<p><a href=\"tel:+420774550957\">+420 774 550 957<\/a><\/p>\n<p><a href=\"tel:+420603463604\">+420 603 463 604<\/a><\/p>\n<p>[\/et_pb_blurb][\/et_pb_column][et_pb_column type=&#8221;1_4&#8243; _builder_version=&#8221;4.24.0&#8243; _module_preset=&#8221;default&#8221; global_colors_info=&#8221;{}&#8221;][et_pb_blurb title=&#8221;By E-mail&#8221; use_icon=&#8221;on&#8221; font_icon=&#8221;&#xe010;||divi||400&#8243; admin_label=&#8221;E-mailem&#8221; _builder_version=&#8221;4.27.0&#8243; _module_preset=&#8221;69871151-8df9-4897-9128-90b4207868c8&#8243; link_option_url=&#8221;mailto:kancelar@aklegalart.cz&#8221; global_colors_info=&#8221;{%22gcid-e252e44c-b852-4c1f-9bf9-928f45602050%22:%91%22background_color%22,%22background_color%22,%22background_color%22,%22background_color%22,%22background_color%22,%22background_color%22,%22background_color%22,%22background_color%22,%22background_color%22,%22background_color%22,%22background_color%22,%22background_color%22,%22background_color%22,%22background_color%22%93,%22gcid-9c0a5de9-52c8-4ddc-a908-c61d21bce329%22:%91%22background_color%22,%22background_color%22,%22background_color%22,%22background_color%22%93,%22gcid-8ea486af-be64-4498-955e-49840d185598%22:%91%22icon_color%22%93}&#8221;]<\/p>\n<p><a href=\"mailto:darja.pavlorkova@aklegalart.cz\">darja.pavlorkova@aklegalart.cz<\/a><\/p>\n<p><a href=\"mailto:martin.voldrich@aklegalart.cz\">martin.voldrich@aklegalart.cz<\/a><\/p>\n<p>[\/et_pb_blurb][\/et_pb_column][et_pb_column type=&#8221;1_4&#8243; _builder_version=&#8221;4.24.0&#8243; _module_preset=&#8221;default&#8221; global_colors_info=&#8221;{}&#8221;][et_pb_blurb title=&#8221;In person&#8221; use_icon=&#8221;on&#8221; font_icon=&#8221;&#xf007;||fa||400&#8243; admin_label=&#8221;Osobn\u011b&#8221; _builder_version=&#8221;4.27.0&#8243; _dynamic_attributes=&#8221;link_option_url&#8221; _module_preset=&#8221;69871151-8df9-4897-9128-90b4207868c8&#8243; animation_delay=&#8221;1000ms&#8221; link_option_url=&#8221;@ET-DC@eyJkeW5hbWljIjp0cnVlLCJjb250ZW50IjoicG9zdF9saW5rX3VybF9wYWdlIiwic2V0dGluZ3MiOnsicG9zdF9pZCI6IjMwIn19@&#8221; global_colors_info=&#8221;{%22gcid-e252e44c-b852-4c1f-9bf9-928f45602050%22:%91%22background_color%22,%22background_color%22,%22background_color%22,%22background_color%22,%22background_color%22,%22background_color%22,%22background_color%22,%22background_color%22,%22background_color%22,%22background_color%22,%22background_color%22,%22background_color%22,%22background_color%22,%22background_color%22%93,%22gcid-9c0a5de9-52c8-4ddc-a908-c61d21bce329%22:%91%22body_text_color%22,%22background_color%22,%22body_text_color%22,%22background_color%22,%22body_text_color%22,%22background_color%22,%22body_text_color%22,%22background_color%22%93,%22gcid-8ea486af-be64-4498-955e-49840d185598%22:%91%22icon_color%22%93}&#8221;]<\/p>\n<p><a href=\"\/en\/contact\/\">Make an appointment<\/a><\/p>\n<p>[\/et_pb_blurb][\/et_pb_column][\/et_pb_row][\/et_pb_section]<\/p>\n","protected":false},"excerpt":{"rendered":"<p>LAW FIRM PricelistRemuneration Depending on the nature of the legal service provided, we determine the remuneration in agreement with the client in the following ways:Account number: 263961479Bank: 0600The hourly fee for the services of an attorney ranges from CZK 2,000 to CZK 3,000 and is determined by the number of hours the attorney actually spends [&hellip;]<\/p>\n","protected":false},"author":3,"featured_media":1082,"parent":0,"menu_order":0,"comment_status":"closed","ping_status":"closed","template":"","meta":{"_acf_changed":false,"_et_pb_use_builder":"on","_et_pb_old_content":"","_et_gb_content_width":"","footnotes":""},"class_list":["post-1244","page","type-page","status-publish","has-post-thumbnail","hentry"],"acf":[],"_links":{"self":[{"href":"https:\/\/www.aklegalart.cz\/en\/wp-json\/wp\/v2\/pages\/1244","targetHints":{"allow":["GET"]}}],"collection":[{"href":"https:\/\/www.aklegalart.cz\/en\/wp-json\/wp\/v2\/pages"}],"about":[{"href":"https:\/\/www.aklegalart.cz\/en\/wp-json\/wp\/v2\/types\/page"}],"author":[{"embeddable":true,"href":"https:\/\/www.aklegalart.cz\/en\/wp-json\/wp\/v2\/users\/3"}],"replies":[{"embeddable":true,"href":"https:\/\/www.aklegalart.cz\/en\/wp-json\/wp\/v2\/comments?post=1244"}],"version-history":[{"count":3,"href":"https:\/\/www.aklegalart.cz\/en\/wp-json\/wp\/v2\/pages\/1244\/revisions"}],"predecessor-version":[{"id":1287,"href":"https:\/\/www.aklegalart.cz\/en\/wp-json\/wp\/v2\/pages\/1244\/revisions\/1287"}],"wp:featuredmedia":[{"embeddable":true,"href":"https:\/\/www.aklegalart.cz\/en\/wp-json\/wp\/v2\/media\/1082"}],"wp:attachment":[{"href":"https:\/\/www.aklegalart.cz\/en\/wp-json\/wp\/v2\/media?parent=1244"}],"curies":[{"name":"wp","href":"https:\/\/api.w.org\/{rel}","templated":true}]}}